{"id":348,"date":"2016-05-15T07:40:39","date_gmt":"2016-05-15T07:40:39","guid":{"rendered":"https:\/\/www.apuntesdesanscrito.com\/?page_id=348"},"modified":"2026-01-20T11:11:57","modified_gmt":"2026-01-20T10:11:57","slug":"videos-de-aprendizaje","status":"publish","type":"page","link":"https:\/\/www.apuntesdesanscrito.com\/videos-de-aprendizaje\/","title":{"rendered":"Videos de aprendizaje"},"content":{"rendered":"<p><iframe loading=\"lazy\" title=\"Clase 3 - Las Limitaciones. Meditaci\u00f3n en el Shaivismo No dual de Cachemira (10.9.2025)\" width=\"1140\" height=\"641\" src=\"https:\/\/www.youtube.com\/embed\/IBfHN4SEqLY?list=PL3uLHrGJHeOEkERmWDIt4nhcZI3PoPs6C\" frameborder=\"0\" allow=\"accelerometer; autoplay; clipboard-write; encrypted-media; gyroscope; picture-in-picture; web-share\" referrerpolicy=\"strict-origin-when-cross-origin\" allowfullscreen><\/iframe><\/p>\n<p><iframe loading=\"lazy\" title=\"\u00bfQu\u00e9 es la No Dualidad? (II). El Experimentador. Jean-Marc Mantel (Doblado en espa\u00f1ol)\" width=\"1140\" height=\"855\" src=\"https:\/\/www.youtube.com\/embed\/I4CTKt3C5QQ?feature=oembed\" frameborder=\"0\" allow=\"accelerometer; autoplay; clipboard-write; encrypted-media; gyroscope; picture-in-picture; web-share\" referrerpolicy=\"strict-origin-when-cross-origin\" allowfullscreen><\/iframe><\/p>\n<p><iframe loading=\"lazy\" title=\"\u00a1\u00a1\u00a1 GIORGIA MELONI LANZA LA REVOLUCI\u00d3N DEL PESEBRE!!! \u2728 (2017)\" width=\"1140\" height=\"641\" src=\"https:\/\/www.youtube.com\/embed\/cv1GUi1fcpA?feature=oembed\" frameborder=\"0\" allow=\"accelerometer; autoplay; clipboard-write; encrypted-media; gyroscope; picture-in-picture; web-share\" referrerpolicy=\"strict-origin-when-cross-origin\" allowfullscreen><\/iframe><\/p>\n<p><iframe loading=\"lazy\" title=\"Ir a la ra\u00edz del Ser.  Jean-Marc Mantel (Doblado en espa\u00f1ol).\" width=\"1140\" height=\"855\" src=\"https:\/\/www.youtube.com\/embed\/nLNeMRsaHx4?feature=oembed\" frameborder=\"0\" allow=\"accelerometer; autoplay; clipboard-write; encrypted-media; gyroscope; picture-in-picture; web-share\" referrerpolicy=\"strict-origin-when-cross-origin\" allowfullscreen><\/iframe><\/p>\n<p><iframe loading=\"lazy\" title=\"PEDRO RODEA.  DEJA DE BUSCAR: La Falsa Idea que te Parte en Dos\" width=\"1140\" height=\"641\" src=\"https:\/\/www.youtube.com\/embed\/yVkCJkE_B6U?feature=oembed\" frameborder=\"0\" allow=\"accelerometer; autoplay; clipboard-write; encrypted-media; gyroscope; picture-in-picture; web-share\" referrerpolicy=\"strict-origin-when-cross-origin\" allowfullscreen><\/iframe><\/p>\n<p><iframe loading=\"lazy\" title=\"Kathopanishad - Episode 18 - You Are Neither The Body Nor The Mind\" width=\"1140\" height=\"641\" src=\"https:\/\/www.youtube.com\/embed\/GNzVEZlKzDQ?feature=oembed\" frameborder=\"0\" allow=\"accelerometer; autoplay; clipboard-write; encrypted-media; gyroscope; picture-in-picture; web-share\" referrerpolicy=\"strict-origin-when-cross-origin\" allowfullscreen><\/iframe><\/p>\n<p><iframe loading=\"lazy\" title=\"Kathopanishad - Episode 17 - The 4 States of Consciousness\" width=\"1140\" height=\"641\" src=\"https:\/\/www.youtube.com\/embed\/F8hJx6ac2Vw?feature=oembed\" frameborder=\"0\" allow=\"accelerometer; autoplay; clipboard-write; encrypted-media; gyroscope; picture-in-picture; web-share\" referrerpolicy=\"strict-origin-when-cross-origin\" allowfullscreen><\/iframe><\/p>\n<p><iframe loading=\"lazy\" title=\"PENSAR VEDANTA 8 El Observador y lo Observado\" width=\"1140\" height=\"641\" src=\"https:\/\/www.youtube.com\/embed\/IZjCQgrA7DA?feature=oembed\" frameborder=\"0\" allow=\"accelerometer; autoplay; clipboard-write; encrypted-media; gyroscope; picture-in-picture; web-share\" allowfullscreen><\/iframe><\/p>\n<p><iframe loading=\"lazy\" title=\"Jiddu Krishnamurti - Observador y Observado - Camino Conciencia\" width=\"1140\" height=\"855\" src=\"https:\/\/www.youtube.com\/embed\/1HY7w8WcsjA?feature=oembed\" frameborder=\"0\" allow=\"accelerometer; autoplay; clipboard-write; encrypted-media; gyroscope; picture-in-picture; web-share\" allowfullscreen><\/iframe><\/p>\n<p><iframe loading=\"lazy\" title=\"Tiene sentido salir de Matrix si puedes disfrutar de sus ventajas Carl Jung y la filosofia vedanta\" width=\"1140\" height=\"641\" src=\"https:\/\/www.youtube.com\/embed\/tSFl5sg6Uhk?feature=oembed\" frameborder=\"0\" allow=\"accelerometer; autoplay; clipboard-write; encrypted-media; gyroscope; picture-in-picture; web-share\" allowfullscreen><\/iframe><\/p>\n<p><iframe loading=\"lazy\" title=\"No desperdicies tu vida, tiempo y energia Carl Jung, Krishnamurti y los estoicos\" width=\"1140\" height=\"641\" src=\"https:\/\/www.youtube.com\/embed\/uJWR9YKeVXg?feature=oembed\" frameborder=\"0\" allow=\"accelerometer; autoplay; clipboard-write; encrypted-media; gyroscope; picture-in-picture; web-share\" allowfullscreen><\/iframe><\/p>\n<p><iframe loading=\"lazy\" title=\"C\u00f3mo influye la astrolog\u00eda esot\u00e9rica de los INICIADOS en el mundo interior de la psique Carl Jung\" width=\"1140\" height=\"641\" src=\"https:\/\/www.youtube.com\/embed\/8DmmJqvzO3M?feature=oembed\" frameborder=\"0\" allow=\"accelerometer; autoplay; clipboard-write; encrypted-media; gyroscope; picture-in-picture; web-share\" allowfullscreen><\/iframe><\/p>\n<p><iframe loading=\"lazy\" title=\"Como vivir conscientemente para salir de la trampa de Maya, Carl Jung y Jiddu Krishnamurti\" width=\"1140\" height=\"641\" src=\"https:\/\/www.youtube.com\/embed\/XXP4pvw-Y-o?feature=oembed\" frameborder=\"0\" allow=\"accelerometer; autoplay; clipboard-write; encrypted-media; gyroscope; picture-in-picture; web-share\" allowfullscreen><\/iframe><\/p>\n<p><iframe loading=\"lazy\" title=\"Swami Satyananda Saraswati en el Aullido del Lobo\" width=\"1140\" height=\"641\" src=\"https:\/\/www.youtube.com\/embed\/o2Rf73JusIs?feature=oembed\" frameborder=\"0\" allow=\"accelerometer; autoplay; clipboard-write; encrypted-media; gyroscope; picture-in-picture; web-share\" allowfullscreen><\/iframe><\/p>\n<p><iframe loading=\"lazy\" title=\"Introducci\u00f3n al Vedanta (4\/6) - Sakshi, el Testigo Consciente\" width=\"1140\" height=\"641\" src=\"https:\/\/www.youtube.com\/embed\/rM2iRl2tO1g?feature=oembed\" frameborder=\"0\" allow=\"accelerometer; autoplay; clipboard-write; encrypted-media; gyroscope; picture-in-picture; web-share\" allowfullscreen><\/iframe><\/p>\n<p><iframe loading=\"lazy\" title=\"La Inmensidad de la Consciencia - Swami Tadatmananda\" width=\"1140\" height=\"641\" src=\"https:\/\/www.youtube.com\/embed\/SBW9UKoUxAg?feature=oembed\" frameborder=\"0\" allow=\"accelerometer; autoplay; clipboard-write; encrypted-media; gyroscope; picture-in-picture; web-share\" allowfullscreen><\/iframe><\/p>\n<p><iframe loading=\"lazy\" title=\"Charla en VIVO con Sri Ramana - \u00bfQui\u00e9n soy yo? :)\" width=\"1140\" height=\"641\" src=\"https:\/\/www.youtube.com\/embed\/VDy_0S9UTbY?feature=oembed\" frameborder=\"0\" allow=\"accelerometer; autoplay; clipboard-write; encrypted-media; gyroscope; picture-in-picture; web-share\" allowfullscreen><\/iframe><\/p>\n<p><iframe loading=\"lazy\" title=\"Como percibir el ser \u00bfQui\u00e9n soy realmente? Carl Jung y los Vedas\" width=\"1140\" height=\"641\" src=\"https:\/\/www.youtube.com\/embed\/jKntm9dGitY?feature=oembed\" frameborder=\"0\" allow=\"accelerometer; autoplay; clipboard-write; encrypted-media; gyroscope; picture-in-picture; web-share\" allowfullscreen><\/iframe><\/p>\n<p><iframe loading=\"lazy\" title=\"C\u00f3mo liberarse del condicionamiento mental por Carl Jung, Jiddu Krishnamurti y la filosof\u00eda hind\u00fa\" width=\"1140\" height=\"641\" src=\"https:\/\/www.youtube.com\/embed\/Lqo8yP7W58E?feature=oembed\" frameborder=\"0\" allow=\"accelerometer; autoplay; clipboard-write; encrypted-media; gyroscope; picture-in-picture; web-share\" allowfullscreen><\/iframe><\/p>\n<p><iframe loading=\"lazy\" title=\"C\u00f3mo meditar correctamente: Carl Jung, Jiddu Krishnamurti, S. Goenka. Psicoterapia y Espiritualidad\" width=\"1140\" height=\"641\" src=\"https:\/\/www.youtube.com\/embed\/ofSmDeA1R2o?feature=oembed\" frameborder=\"0\" allow=\"accelerometer; autoplay; clipboard-write; encrypted-media; gyroscope; picture-in-picture; web-share\" allowfullscreen><\/iframe><\/p>\n<p><iframe loading=\"lazy\" title=\"DrgDrishya Vivek Class 6\" width=\"1140\" height=\"641\" src=\"https:\/\/www.youtube.com\/embed\/WaAkzIXk_Rc?feature=oembed\" frameborder=\"0\" allow=\"accelerometer; autoplay; clipboard-write; encrypted-media; gyroscope; picture-in-picture; web-share\" allowfullscreen><\/iframe><\/p>\n<p><iframe loading=\"lazy\" title=\"Tattvabodha Chanting 1 - adhikaaritva\" width=\"1140\" height=\"855\" src=\"https:\/\/www.youtube.com\/embed\/23YnzoKSLHU?feature=oembed\" frameborder=\"0\" allow=\"accelerometer; autoplay; clipboard-write; encrypted-media; gyroscope; picture-in-picture; web-share\" allowfullscreen><\/iframe><\/p>\n<p><iframe loading=\"lazy\" title=\"Noel Bell chats to Dr Michael Katz editor of Dream Yoga and the Practice of Natural Light\" width=\"1140\" height=\"855\" src=\"https:\/\/www.youtube.com\/embed\/IrXyr8V7C2I?feature=oembed\" frameborder=\"0\" allow=\"accelerometer; autoplay; clipboard-write; encrypted-media; gyroscope; picture-in-picture; web-share\" allowfullscreen><\/iframe><\/p>\n<p><iframe loading=\"lazy\" title=\"How to write Sanskrit - Part 1 - Single letters\" width=\"1140\" height=\"855\" src=\"https:\/\/www.youtube.com\/embed\/caf1HAXHhdA?feature=oembed\" frameborder=\"0\" allow=\"accelerometer; autoplay; clipboard-write; encrypted-media; gyroscope; picture-in-picture; web-share\" allowfullscreen><\/iframe><\/p>\n<p><iframe loading=\"lazy\" title=\"What is Karan sharir\/ Causal Body?Self healing-Divine Light, Yog| Cure Disease, Depression\" width=\"1140\" height=\"855\" src=\"https:\/\/www.youtube.com\/embed\/q2gIzQhvVFA?feature=oembed\" frameborder=\"0\" allow=\"accelerometer; autoplay; clipboard-write; encrypted-media; gyroscope; picture-in-picture; web-share\" allowfullscreen><\/iframe><\/p>\n<p><iframe loading=\"lazy\" title=\"El buscador espiritual de la filosof\u00eda Vedanta\" width=\"1140\" height=\"641\" src=\"https:\/\/www.youtube.com\/embed\/u9GU4PpwwBc?feature=oembed\" frameborder=\"0\" allow=\"accelerometer; autoplay; clipboard-write; encrypted-media; gyroscope; picture-in-picture; web-share\" allowfullscreen><\/iframe><\/p>\n<p><iframe loading=\"lazy\" title=\"Sanskrit Pronunciation Class 1\" width=\"1140\" height=\"855\" src=\"https:\/\/www.youtube.com\/embed\/rtbJVmydCgY?feature=oembed\" frameborder=\"0\" allow=\"accelerometer; autoplay; clipboard-write; encrypted-media; gyroscope; picture-in-picture; web-share\" allowfullscreen><\/iframe><\/p>\n<p><iframe loading=\"lazy\" title=\"YOGA para Principiantes: El saludo al sol paso a paso\" width=\"1140\" height=\"641\" src=\"https:\/\/www.youtube.com\/embed\/Pw8PYdZUlnI?feature=oembed\" frameborder=\"0\" allow=\"accelerometer; autoplay; clipboard-write; encrypted-media; gyroscope; picture-in-picture; web-share\" allowfullscreen><\/iframe><\/p>\n","protected":false},"excerpt":{"rendered":"","protected":false},"author":1,"featured_media":0,"parent":0,"menu_order":0,"comment_status":"closed","ping_status":"closed","template":"","meta":{"footnotes":""},"class_list":["post-348","page","type-page","status-publish","hentry"],"_links":{"self":[{"href":"https:\/\/www.apuntesdesanscrito.com\/wp-json\/wp\/v2\/pages\/348","targetHints":{"allow":["GET"]}}],"collection":[{"href":"https:\/\/www.apuntesdesanscrito.com\/wp-json\/wp\/v2\/pages"}],"about":[{"href":"https:\/\/www.apuntesdesanscrito.com\/wp-json\/wp\/v2\/types\/page"}],"author":[{"embeddable":true,"href":"https:\/\/www.apuntesdesanscrito.com\/wp-json\/wp\/v2\/users\/1"}],"replies":[{"embeddable":true,"href":"https:\/\/www.apuntesdesanscrito.com\/wp-json\/wp\/v2\/comments?post=348"}],"version-history":[{"count":5,"href":"https:\/\/www.apuntesdesanscrito.com\/wp-json\/wp\/v2\/pages\/348\/revisions"}],"predecessor-version":[{"id":8037,"href":"https:\/\/www.apuntesdesanscrito.com\/wp-json\/wp\/v2\/pages\/348\/revisions\/8037"}],"wp:attachment":[{"href":"https:\/\/www.apuntesdesanscrito.com\/wp-json\/wp\/v2\/media?parent=348"}],"curies":[{"name":"wp","href":"https:\/\/api.w.org\/{rel}","templated":true}]}}